{"id":2885,"date":"2020-06-15T13:29:09","date_gmt":"2020-06-15T11:29:09","guid":{"rendered":"https:\/\/dorschhome.tn\/?product=import-placeholder-for-117"},"modified":"2022-10-28T13:02:54","modified_gmt":"2022-10-28T11:02:54","slug":"marble-knife-set-6-pcs","status":"publish","type":"product","link":"https:\/\/dorschhome.tn\/fr\/produit\/marble-knife-set-6-pcs","title":{"rendered":"Marble Knife Set 6 pcs"},"content":{"rendered":"<div id=\"product-description-tab-content\" class=\"product-description-tab-content tab-pane active\">\n<div class=\"rte\">\n<p style=\"margin: 0px; padding: 0px; border: 0px; font-style: normal; font-weight: 300; line-height: inherit; font-family: Ubuntu, sans-serif; font-size: 13px; vertical-align: baseline; color: #888888; letter-spacing: normal; text-indent: 0px; text-transform: none; white-space: normal; word-spacing: 0px; background-color: #ffffff;\">Dorsch est fi\u00e8re de sa qu\u00eate incessante d&#039;excellence. C&#039;est pourquoi nous surpassons de nombreuses entreprises concurrentes plus anciennes que Dorsch.<\/p>\n<p style=\"margin: 0px; padding: 0px; border: 0px; font-style: normal; font-weight: 300; line-height: inherit; font-family: Ubuntu, sans-serif; font-size: 13px; vertical-align: baseline; color: #888888; letter-spacing: normal; text-indent: 0px; text-transform: none; white-space: normal; word-spacing: 0px; background-color: #ffffff;\"><span style=\"margin: 0px; padding: 0px; border: 0px; font-style: inherit; font-variant: inherit; font-weight: inherit; line-height: inherit; font-family: inherit; font-size: 13px; vertical-align: baseline;\">Dorsch knifes feature finely-honed, full-tang blades crafted from premium-quality corrosion-resistant Stainless steel.<\/span><\/p>\n<p style=\"margin: 0px; padding: 0px; border: 0px; font-style: normal; font-weight: 300; line-height: inherit; font-family: Ubuntu, sans-serif; font-size: 13px; vertical-align: baseline; color: #888888; letter-spacing: normal; text-indent: 0px; text-transform: none; white-space: normal; word-spacing: 0px; background-color: #ffffff;\"><span style=\"margin: 0px; padding: 0px; border: 0px; font-style: inherit; font-variant: inherit; font-weight: inherit; line-height: inherit; font-family: inherit; font-size: 13px; vertical-align: baseline;\">Les poign\u00e9es sont \u00e9quip\u00e9es d&#039;une poign\u00e9e qui assure confort et maniabilit\u00e9.<\/span><\/p>\n<p style=\"margin: 0px; padding: 0px; border: 0px; font-style: normal; font-weight: 300; line-height: inherit; font-family: Ubuntu, sans-serif; font-size: 13px; vertical-align: baseline; color: #888888; letter-spacing: normal; text-indent: 0px; text-transform: none; white-space: normal; word-spacing: 0px; background-color: #ffffff;\"><span style=\"margin: 0px; padding: 0px; border: 0px; font-style: inherit; font-variant: inherit; font-weight: inherit; line-height: inherit; font-family: inherit; font-size: 13px; vertical-align: baseline;\">Peak performance has never looked so good at this economical price.<\/span><\/p>\n<p style=\"margin: 0px; padding: 0px; border: 0px; font-style: normal; font-weight: 300; line-height: inherit; font-family: Ubuntu, sans-serif; font-size: 13px; vertical-align: baseline; color: #888888; letter-spacing: normal; text-indent: 0px; text-transform: none; white-space: normal; word-spacing: 0px; background-color: #ffffff;\">\n<\/div>\n<\/div>","protected":false},"excerpt":{"rendered":"<p>Economical Knife set with marbel ceramic coating.<\/p>","protected":false},"featured_media":3272,"comment_status":"open","ping_status":"closed","template":"","meta":[],"product_cat":[85,125],"product_tag":[],"bundle_layout":"","bundled_by":["8489"],"bundled_items":[],"_links":{"self":[{"href":"https:\/\/dorschhome.tn\/fr\/wp-json\/wp\/v2\/product\/2885"}],"collection":[{"href":"https:\/\/dorschhome.tn\/fr\/wp-json\/wp\/v2\/product"}],"about":[{"href":"https:\/\/dorschhome.tn\/fr\/wp-json\/wp\/v2\/types\/product"}],"replies":[{"embeddable":true,"href":"https:\/\/dorschhome.tn\/fr\/wp-json\/wp\/v2\/comments?post=2885"}],"version-history":[{"count":0,"href":"https:\/\/dorschhome.tn\/fr\/wp-json\/wp\/v2\/product\/2885\/revisions"}],"wp:featuredmedia":[{"embeddable":true,"href":"https:\/\/dorschhome.tn\/fr\/wp-json\/wp\/v2\/media\/3272"}],"wp:attachment":[{"href":"https:\/\/dorschhome.tn\/fr\/wp-json\/wp\/v2\/media?parent=2885"}],"wp:term":[{"taxonomy":"product_cat","embeddable":true,"href":"https:\/\/dorschhome.tn\/fr\/wp-json\/wp\/v2\/product_cat?post=2885"},{"taxonomy":"product_tag","embeddable":true,"href":"https:\/\/dorschhome.tn\/fr\/wp-json\/wp\/v2\/product_tag?post=2885"}],"curies":[{"name":"wp","href":"https:\/\/api.w.org\/{rel}","templated":true}]}}