{"id":3129,"date":"2020-06-15T14:19:56","date_gmt":"2020-06-15T14:19:56","guid":{"rendered":"https:\/\/dorschhome.tn\/?product=import-placeholder-for-250"},"modified":"2023-05-01T01:00:50","modified_gmt":"2023-04-30T23:00:50","slug":"cutting-board-knives-set-2","status":"publish","type":"product","link":"https:\/\/dorschhome.tn\/fr\/produit\/cutting-board-knives-set-2","title":{"rendered":"Ensemble planche \u00e0 d\u00e9couper et couteaux"},"content":{"rendered":"<p><strong>Description<\/strong><\/p>\n<p>La planche \u00e0 d\u00e9couper antid\u00e9rapante Dorsch en polypropyl\u00e8ne est hygi\u00e9nique, antitache et anti-odeurs, et m\u00e9nage vos lames de couteau. Ses bords en silicone la maintiennent en place pendant que vous travaillez. Son pourtour est creux pour recueillir les jus et \u00e9viter les gouttes sur votre plan de travail. Pour plus d&#039;avantages, la planche \u00e0 d\u00e9couper Dorsch est livr\u00e9e avec des couteaux \u00e0 rev\u00eatement antiadh\u00e9sif haute pr\u00e9cision. Un Santoku et un couteau d&#039;office constituent la combinaison id\u00e9ale pour toutes vos t\u00e2ches en cuisine.<\/p>\n<p><strong>Caract\u00e9ristiques<\/strong><\/p>\n<ul>\n<li>Fabriqu\u00e9 en polypropyl\u00e8ne pour une durabilit\u00e9 \u00e0 long terme.<\/li>\n<li>Les extr\u00e9mit\u00e9s en silicone antid\u00e9rapantes maintiennent la planche fermement en place pendant l&#039;utilisation.<\/li>\n<li>La surface antibact\u00e9rienne n&#039;abrite pas de bact\u00e9ries et est facile \u00e0 nettoyer.<\/li>\n<li>Les deux c\u00f4t\u00e9s disposent d&#039;un puits p\u00e9riph\u00e9rique pour r\u00e9cup\u00e9rer les jus des aliments.<\/li>\n<li>La surface de coupe n&#039;\u00e9moussera pas les bords tranchants de votre couteau.<\/li>\n<li>Le mat\u00e9riau imperm\u00e9able r\u00e9siste aux taches et n&#039;absorbe aucune saveur ni odeur.<\/li>\n<li>Le panneau l\u00e9ger et robuste ne se fend pas, ne se fissure pas et ne se d\u00e9colle pas.<\/li>\n<\/ul>\n<p>?<\/p>","protected":false},"excerpt":{"rendered":"<p>Le meilleur ensemble de planches \u00e0 d\u00e9couper (antitaches, r\u00e9sistantes aux odeurs et hygi\u00e9niques) avec couteaux de haute pr\u00e9cision.<\/p>","protected":false},"featured_media":3184,"comment_status":"open","ping_status":"closed","template":"","meta":[],"product_cat":[85,125],"product_tag":[],"bundle_layout":"","bundled_by":[],"bundled_items":[],"_links":{"self":[{"href":"https:\/\/dorschhome.tn\/fr\/wp-json\/wp\/v2\/product\/3129"}],"collection":[{"href":"https:\/\/dorschhome.tn\/fr\/wp-json\/wp\/v2\/product"}],"about":[{"href":"https:\/\/dorschhome.tn\/fr\/wp-json\/wp\/v2\/types\/product"}],"replies":[{"embeddable":true,"href":"https:\/\/dorschhome.tn\/fr\/wp-json\/wp\/v2\/comments?post=3129"}],"version-history":[{"count":0,"href":"https:\/\/dorschhome.tn\/fr\/wp-json\/wp\/v2\/product\/3129\/revisions"}],"wp:featuredmedia":[{"embeddable":true,"href":"https:\/\/dorschhome.tn\/fr\/wp-json\/wp\/v2\/media\/3184"}],"wp:attachment":[{"href":"https:\/\/dorschhome.tn\/fr\/wp-json\/wp\/v2\/media?parent=3129"}],"wp:term":[{"taxonomy":"product_cat","embeddable":true,"href":"https:\/\/dorschhome.tn\/fr\/wp-json\/wp\/v2\/product_cat?post=3129"},{"taxonomy":"product_tag","embeddable":true,"href":"https:\/\/dorschhome.tn\/fr\/wp-json\/wp\/v2\/product_tag?post=3129"}],"curies":[{"name":"wp","href":"https:\/\/api.w.org\/{rel}","templated":true}]}}