{"id":9379,"date":"2020-06-15T13:35:22","date_gmt":"2020-06-15T13:35:22","guid":{"rendered":"https:\/\/dorschhome.tn\/product\/elegance-tableware-set-72-pcs"},"modified":"2021-12-03T16:49:54","modified_gmt":"2021-12-03T15:49:54","slug":"elegance-tableware-set-72-pcs","status":"publish","type":"product","link":"https:\/\/dorschhome.tn\/fr\/produit\/elegance-tableware-set-72-pcs","title":{"rendered":"Service de table \u00e9l\u00e9gant 72 pi\u00e8ces"},"content":{"rendered":"<p>Set 72pcs DH-01995\/Elegance<\/p>","protected":false},"excerpt":{"rendered":"<p>18\/10 stainless steel &#8220;Venice&#8221; Tableware Set 72 pcs<\/p>","protected":false},"featured_media":9381,"comment_status":"open","ping_status":"closed","template":"","meta":[],"product_cat":[],"product_tag":[],"bundle_layout":"","bundled_by":[],"bundled_items":[],"_links":{"self":[{"href":"https:\/\/dorschhome.tn\/fr\/wp-json\/wp\/v2\/product\/9379"}],"collection":[{"href":"https:\/\/dorschhome.tn\/fr\/wp-json\/wp\/v2\/product"}],"about":[{"href":"https:\/\/dorschhome.tn\/fr\/wp-json\/wp\/v2\/types\/product"}],"replies":[{"embeddable":true,"href":"https:\/\/dorschhome.tn\/fr\/wp-json\/wp\/v2\/comments?post=9379"}],"version-history":[{"count":0,"href":"https:\/\/dorschhome.tn\/fr\/wp-json\/wp\/v2\/product\/9379\/revisions"}],"wp:featuredmedia":[{"embeddable":true,"href":"https:\/\/dorschhome.tn\/fr\/wp-json\/wp\/v2\/media\/9381"}],"wp:attachment":[{"href":"https:\/\/dorschhome.tn\/fr\/wp-json\/wp\/v2\/media?parent=9379"}],"wp:term":[{"taxonomy":"product_cat","embeddable":true,"href":"https:\/\/dorschhome.tn\/fr\/wp-json\/wp\/v2\/product_cat?post=9379"},{"taxonomy":"product_tag","embeddable":true,"href":"https:\/\/dorschhome.tn\/fr\/wp-json\/wp\/v2\/product_tag?post=9379"}],"curies":[{"name":"wp","href":"https:\/\/api.w.org\/{rel}","templated":true}]}}